{"id":784,"date":"2021-11-02T12:42:48","date_gmt":"2021-11-02T16:42:48","guid":{"rendered":"https:\/\/sheehanbrothers.com\/history-2\/"},"modified":"2022-04-22T05:53:04","modified_gmt":"2022-04-22T09:53:04","slug":"la-nostra-storia","status":"publish","type":"page","link":"https:\/\/sheehanbrothers.com\/it\/la-nostra-storia\/","title":{"rendered":"La nostra storia"},"content":{"rendered":"\n<p class=\"has-text-align-center\"><strong><em>La nostra storia<br>inizia nel 1919<\/em><\/strong><\/p>\n\n\n\n<div style=\"height:70px\" aria-hidden=\"true\" class=\"wp-block-spacer\"><\/div>\n\n\n\n<div class=\"wp-block-columns is-layout-flex wp-container-core-columns-is-layout-9d6595d7 wp-block-columns-is-layout-flex\">\n<div class=\"wp-block-column is-layout-flow wp-block-column-is-layout-flow\" style=\"flex-basis:33.33%\">\n<img decoding=\"async\" class=\"sb-history-image-1\" style=\"width: 100%; height: auto;\" src=\"\/wp-content\/uploads\/2021\/11\/ditta-claretta.jpg\">\n<\/div>\n\n\n\n<div class=\"wp-block-column is-layout-flow wp-block-column-is-layout-flow\" style=\"flex-basis:66.66%\">\n<p>La nostra attuale azienda di importazione e distribuzione di vino ha avuto inizio dal mio bisnonno materno, il conte Camillo Claretta Assandri.<br>Camillo era un grande uomo d&#8217;affari conosciuto in tutta Europa per le sue impareggiabili capacit\u00e0 imprenditoriali ed era un vero appassionato di champagne e vini francesi.<\/p>\n\n\n\n<p> Alla fine della Prima guerra mondiale, fece visita a famiglie ed amici, che erano storici produttori di vino e \u201cmarchants\u201d, e grazie al loro aiuto riusc\u00ec a fondare un marchio di importazione e distribuzione di vino in Italia. Il primo passo fu la fondazione di Ditta Claretta &amp;Co SpA.<\/p>\n\n\n\n<p><br>Il Conte Camillo inizi\u00f2 a espandere l&#8217;attivit\u00e0 con l\u2019aiuto dei suoi amici: Paul Chandon-Mo\u00ebt che era il proprietario di Mo\u00ebt-Chandon, Dom P\u00e9rignon, Ruinart e Hennessy della regione francese della Champagne, la famiglia Schr\u00f6der della Schr\u00f6der &amp; Sch\u00ffler di Bordeaux (fondata nel 1763), la famiglia Dopff dell&#8217;Alsazia (ditta fondata nel 1574), e la famiglia Drapier della Borgogna (ditta fondata nel XIX secolo).<\/p>\n\n\n\n<p><br>Negli anni fra le due guerre l\u2019azienda prosper\u00f2 rapidamente.<\/p>\n<\/div>\n<\/div>\n\n\n\n<p>Durante la Seconda guerra mondiale invece soffr\u00ec terribilmente. Tuttavia, secondo l\u2019aneddoto narratomi dal bisnonno in modo scherzoso, Sir Winston Churchill le venne inconsapevolmente in soccorso. Alla vigilia dello sbarco in Normandia, famose furono le sue parole : &#8220;Ricordate, signore, non \u00e8 solo per la Francia che combatteremo, \u00e8 anche per lo champagne!&#8221;.<\/p>\n\n\n\n<p>Il bisnonno chiuse la ditta quando la Mo\u00ebt-Chandon non fu pi\u00f9 un\u2019azienda a conduzione familiare.<\/p>\n\n\n\n<h2 class=\"sb-title-section-page wp-block-heading\">Sheehan e figli<\/h2>\n\n\n\n<p>Sheehan e figli hanno preso il ruolo di Ditta Claretta. Devo dire che tutto \u00e8 iniziato fin dalla mia nascita, dopo il ritrovato amore per lo champagne.<br>Noi, (io e i miei figli), come il mio bisnonno, siamo estimatori di vini di qualit\u00e0 e vogliamo che tutti abbiano simili opportunit\u00e0.<br>Abbiamo impiegato le conoscenze e le tecniche collaudate dal bisnonno nel tempo, per ottenere il nostro buon nome e la nostra buona reputazione nel mercato. La nostra azienda non \u00e8 pi\u00f9 un affare di famiglia in quanto abbiamo dato ai nostri dipendenti la facolt\u00e0 di divenire nostri partner.<\/p>\n\n\n\n<div style=\"height:50px\" aria-hidden=\"true\" class=\"wp-block-spacer\"><\/div>\n\n\n\n<img decoding=\"async\" class=\"sb-history-image-2\" style=\"width: 100%; height: auto;\" src=\"https:\/\/sheehanbrothers.com\/wp-content\/uploads\/2021\/11\/history-2.jpg\">\n\n\n\n<div style=\"height:20px\" aria-hidden=\"true\" class=\"wp-block-spacer\"><\/div>\n\n\n\n<h2 class=\"sb-title-section-page wp-block-heading\">Innovazione, qualit\u00e0 del personale e integrit\u00e0<\/h2>\n\n\n\n<p>Innovazione, personale di qualit\u00e0 e integrit\u00e0 sono il fulcro della nostra attivit\u00e0, e attraverso questi tre elementi abbiamo ricreato e ampliato il valore tramandatoci dal mio bisnonno.<br>Siamo migliorati attraverso l\u2019innovazione, questo ci ha tenuti al top del nostro settore e ci sforziamo di ottenere un possibile miglioramento dei prodotti e delle relazioni con i clienti.<br>Mantenere l&#8217;integrit\u00e0 al centro dei nostri rapporti ci ha guadagnato l\u2019immagine che tutti apprezzano. Siamo passati da un&#8217;azienda di tre persone a numerosi dipendenti, tuttavia, l&#8217;integrit\u00e0 rimane la stessa nel mercato. Siamo il fulcro dei nostri clienti perch\u00e9 li aiutiamo a conquistare, a loro volta, la fiducia dei loro.<\/p>\n","protected":false},"excerpt":{"rendered":"<p>La nostra storiainizia nel 1919 La nostra attuale azienda di importazione e distribuzione di vino ha avuto inizio dal mio bisnonno materno, il conte Camillo Claretta Assandri.Camillo era un grande uomo d&#8217;affari conosciuto in tutta Europa per le sue impareggiabili capacit\u00e0 imprenditoriali ed era un vero appassionato di champagne e vini francesi. Alla fine della [&hellip;]<\/p>\n","protected":false},"author":1,"featured_media":0,"parent":0,"menu_order":0,"comment_status":"closed","ping_status":"closed","template":"","meta":{"footnotes":""},"class_list":["post-784","page","type-page","status-publish","hentry"],"acf":[],"yoast_head":"<!-- This site is optimized with the Yoast SEO plugin v27.0 - https:\/\/yoast.com\/product\/yoast-seo-wordpress\/ -->\n<title>La nostra storia - Sheehan Brothers<\/title>\n<meta name=\"robots\" content=\"index, follow, max-snippet:-1, max-image-preview:large, max-video-preview:-1\" \/>\n<link rel=\"canonical\" href=\"https:\/\/sheehanbrothers.com\/it\/la-nostra-storia\/\" \/>\n<meta property=\"og:locale\" content=\"it_IT\" \/>\n<meta property=\"og:type\" content=\"article\" \/>\n<meta property=\"og:title\" content=\"La nostra storia - Sheehan Brothers\" \/>\n<meta property=\"og:description\" content=\"La nostra storiainizia nel 1919 La nostra attuale azienda di importazione e distribuzione di vino ha avuto inizio dal mio bisnonno materno, il conte Camillo Claretta Assandri.Camillo era un grande uomo d&#8217;affari conosciuto in tutta Europa per le sue impareggiabili capacit\u00e0 imprenditoriali ed era un vero appassionato di champagne e vini francesi. Alla fine della [&hellip;]\" \/>\n<meta property=\"og:url\" content=\"https:\/\/sheehanbrothers.com\/it\/la-nostra-storia\/\" \/>\n<meta property=\"og:site_name\" content=\"Sheehan Brothers\" \/>\n<meta property=\"article:modified_time\" content=\"2022-04-22T09:53:04+00:00\" \/>\n<meta property=\"og:image\" content=\"https:\/\/sheehanbrothers.com\/wp-content\/uploads\/2021\/11\/ditta-claretta.jpg\" \/>\n<meta name=\"twitter:card\" content=\"summary_large_image\" \/>\n<meta name=\"twitter:label1\" content=\"Tempo di lettura stimato\" \/>\n\t<meta name=\"twitter:data1\" content=\"3 minuti\" \/>\n<script type=\"application\/ld+json\" class=\"yoast-schema-graph\">{\"@context\":\"https:\/\/schema.org\",\"@graph\":[{\"@type\":\"WebPage\",\"@id\":\"https:\/\/sheehanbrothers.com\/it\/la-nostra-storia\/\",\"url\":\"https:\/\/sheehanbrothers.com\/it\/la-nostra-storia\/\",\"name\":\"La nostra storia - Sheehan Brothers\",\"isPartOf\":{\"@id\":\"https:\/\/sheehanbrothers.com\/#website\"},\"primaryImageOfPage\":{\"@id\":\"https:\/\/sheehanbrothers.com\/it\/la-nostra-storia\/#primaryimage\"},\"image\":{\"@id\":\"https:\/\/sheehanbrothers.com\/it\/la-nostra-storia\/#primaryimage\"},\"thumbnailUrl\":\"https:\/\/sheehanbrothers.com\/wp-content\/uploads\/2021\/11\/history-2.jpg\",\"datePublished\":\"2021-11-02T16:42:48+00:00\",\"dateModified\":\"2022-04-22T09:53:04+00:00\",\"breadcrumb\":{\"@id\":\"https:\/\/sheehanbrothers.com\/it\/la-nostra-storia\/#breadcrumb\"},\"inLanguage\":\"it-IT\",\"potentialAction\":[{\"@type\":\"ReadAction\",\"target\":[\"https:\/\/sheehanbrothers.com\/it\/la-nostra-storia\/\"]}]},{\"@type\":\"ImageObject\",\"inLanguage\":\"it-IT\",\"@id\":\"https:\/\/sheehanbrothers.com\/it\/la-nostra-storia\/#primaryimage\",\"url\":\"https:\/\/sheehanbrothers.com\/wp-content\/uploads\/2021\/11\/history-2.jpg\",\"contentUrl\":\"https:\/\/sheehanbrothers.com\/wp-content\/uploads\/2021\/11\/history-2.jpg\"},{\"@type\":\"BreadcrumbList\",\"@id\":\"https:\/\/sheehanbrothers.com\/it\/la-nostra-storia\/#breadcrumb\",\"itemListElement\":[{\"@type\":\"ListItem\",\"position\":1,\"name\":\"Home\",\"item\":\"https:\/\/sheehanbrothers.com\/it\/\"},{\"@type\":\"ListItem\",\"position\":2,\"name\":\"La nostra storia\"}]},{\"@type\":\"WebSite\",\"@id\":\"https:\/\/sheehanbrothers.com\/#website\",\"url\":\"https:\/\/sheehanbrothers.com\/\",\"name\":\"Sheehan Brothers\",\"description\":\"\",\"publisher\":{\"@id\":\"https:\/\/sheehanbrothers.com\/#organization\"},\"potentialAction\":[{\"@type\":\"SearchAction\",\"target\":{\"@type\":\"EntryPoint\",\"urlTemplate\":\"https:\/\/sheehanbrothers.com\/?s={search_term_string}\"},\"query-input\":{\"@type\":\"PropertyValueSpecification\",\"valueRequired\":true,\"valueName\":\"search_term_string\"}}],\"inLanguage\":\"it-IT\"},{\"@type\":\"Organization\",\"@id\":\"https:\/\/sheehanbrothers.com\/#organization\",\"name\":\"Sheehan Brothers Corp\",\"url\":\"https:\/\/sheehanbrothers.com\/\",\"logo\":{\"@type\":\"ImageObject\",\"inLanguage\":\"it-IT\",\"@id\":\"https:\/\/sheehanbrothers.com\/#\/schema\/logo\/image\/\",\"url\":\"https:\/\/sheehanbrothers.com\/wp-content\/uploads\/2021\/12\/logo.png\",\"contentUrl\":\"https:\/\/sheehanbrothers.com\/wp-content\/uploads\/2021\/12\/logo.png\",\"width\":1533,\"height\":832,\"caption\":\"Sheehan Brothers Corp\"},\"image\":{\"@id\":\"https:\/\/sheehanbrothers.com\/#\/schema\/logo\/image\/\"}}]}<\/script>\n<!-- \/ Yoast SEO plugin. -->","yoast_head_json":{"title":"La nostra storia - Sheehan Brothers","robots":{"index":"index","follow":"follow","max-snippet":"max-snippet:-1","max-image-preview":"max-image-preview:large","max-video-preview":"max-video-preview:-1"},"canonical":"https:\/\/sheehanbrothers.com\/it\/la-nostra-storia\/","og_locale":"it_IT","og_type":"article","og_title":"La nostra storia - Sheehan Brothers","og_description":"La nostra storiainizia nel 1919 La nostra attuale azienda di importazione e distribuzione di vino ha avuto inizio dal mio bisnonno materno, il conte Camillo Claretta Assandri.Camillo era un grande uomo d&#8217;affari conosciuto in tutta Europa per le sue impareggiabili capacit\u00e0 imprenditoriali ed era un vero appassionato di champagne e vini francesi. Alla fine della [&hellip;]","og_url":"https:\/\/sheehanbrothers.com\/it\/la-nostra-storia\/","og_site_name":"Sheehan Brothers","article_modified_time":"2022-04-22T09:53:04+00:00","og_image":[{"url":"https:\/\/sheehanbrothers.com\/wp-content\/uploads\/2021\/11\/ditta-claretta.jpg","type":"","width":"","height":""}],"twitter_card":"summary_large_image","twitter_misc":{"Tempo di lettura stimato":"3 minuti"},"schema":{"@context":"https:\/\/schema.org","@graph":[{"@type":"WebPage","@id":"https:\/\/sheehanbrothers.com\/it\/la-nostra-storia\/","url":"https:\/\/sheehanbrothers.com\/it\/la-nostra-storia\/","name":"La nostra storia - Sheehan Brothers","isPartOf":{"@id":"https:\/\/sheehanbrothers.com\/#website"},"primaryImageOfPage":{"@id":"https:\/\/sheehanbrothers.com\/it\/la-nostra-storia\/#primaryimage"},"image":{"@id":"https:\/\/sheehanbrothers.com\/it\/la-nostra-storia\/#primaryimage"},"thumbnailUrl":"https:\/\/sheehanbrothers.com\/wp-content\/uploads\/2021\/11\/history-2.jpg","datePublished":"2021-11-02T16:42:48+00:00","dateModified":"2022-04-22T09:53:04+00:00","breadcrumb":{"@id":"https:\/\/sheehanbrothers.com\/it\/la-nostra-storia\/#breadcrumb"},"inLanguage":"it-IT","potentialAction":[{"@type":"ReadAction","target":["https:\/\/sheehanbrothers.com\/it\/la-nostra-storia\/"]}]},{"@type":"ImageObject","inLanguage":"it-IT","@id":"https:\/\/sheehanbrothers.com\/it\/la-nostra-storia\/#primaryimage","url":"https:\/\/sheehanbrothers.com\/wp-content\/uploads\/2021\/11\/history-2.jpg","contentUrl":"https:\/\/sheehanbrothers.com\/wp-content\/uploads\/2021\/11\/history-2.jpg"},{"@type":"BreadcrumbList","@id":"https:\/\/sheehanbrothers.com\/it\/la-nostra-storia\/#breadcrumb","itemListElement":[{"@type":"ListItem","position":1,"name":"Home","item":"https:\/\/sheehanbrothers.com\/it\/"},{"@type":"ListItem","position":2,"name":"La nostra storia"}]},{"@type":"WebSite","@id":"https:\/\/sheehanbrothers.com\/#website","url":"https:\/\/sheehanbrothers.com\/","name":"Sheehan Brothers","description":"","publisher":{"@id":"https:\/\/sheehanbrothers.com\/#organization"},"potentialAction":[{"@type":"SearchAction","target":{"@type":"EntryPoint","urlTemplate":"https:\/\/sheehanbrothers.com\/?s={search_term_string}"},"query-input":{"@type":"PropertyValueSpecification","valueRequired":true,"valueName":"search_term_string"}}],"inLanguage":"it-IT"},{"@type":"Organization","@id":"https:\/\/sheehanbrothers.com\/#organization","name":"Sheehan Brothers Corp","url":"https:\/\/sheehanbrothers.com\/","logo":{"@type":"ImageObject","inLanguage":"it-IT","@id":"https:\/\/sheehanbrothers.com\/#\/schema\/logo\/image\/","url":"https:\/\/sheehanbrothers.com\/wp-content\/uploads\/2021\/12\/logo.png","contentUrl":"https:\/\/sheehanbrothers.com\/wp-content\/uploads\/2021\/12\/logo.png","width":1533,"height":832,"caption":"Sheehan Brothers Corp"},"image":{"@id":"https:\/\/sheehanbrothers.com\/#\/schema\/logo\/image\/"}}]}},"_links":{"self":[{"href":"https:\/\/sheehanbrothers.com\/it\/wp-json\/wp\/v2\/pages\/784","targetHints":{"allow":["GET"]}}],"collection":[{"href":"https:\/\/sheehanbrothers.com\/it\/wp-json\/wp\/v2\/pages"}],"about":[{"href":"https:\/\/sheehanbrothers.com\/it\/wp-json\/wp\/v2\/types\/page"}],"author":[{"embeddable":true,"href":"https:\/\/sheehanbrothers.com\/it\/wp-json\/wp\/v2\/users\/1"}],"replies":[{"embeddable":true,"href":"https:\/\/sheehanbrothers.com\/it\/wp-json\/wp\/v2\/comments?post=784"}],"version-history":[{"count":24,"href":"https:\/\/sheehanbrothers.com\/it\/wp-json\/wp\/v2\/pages\/784\/revisions"}],"predecessor-version":[{"id":1126,"href":"https:\/\/sheehanbrothers.com\/it\/wp-json\/wp\/v2\/pages\/784\/revisions\/1126"}],"wp:attachment":[{"href":"https:\/\/sheehanbrothers.com\/it\/wp-json\/wp\/v2\/media?parent=784"}],"curies":[{"name":"wp","href":"https:\/\/api.w.org\/{rel}","templated":true}]}}