{"id":758,"date":"2021-11-02T12:42:23","date_gmt":"2021-11-02T16:42:23","guid":{"rendered":"https:\/\/sheehanbrothers.com\/our-mission\/"},"modified":"2022-04-22T05:52:54","modified_gmt":"2022-04-22T09:52:54","slug":"la-nostra-filosofia","status":"publish","type":"page","link":"https:\/\/sheehanbrothers.com\/it\/la-nostra-filosofia\/","title":{"rendered":"La nostra filosofia"},"content":{"rendered":"\n<p>Il nostro obiettivo \u00e8 procurare piacere a ogni sorso;<br>aiutare i nostri partner a commerciare meglio e a consolidare la fiducia dei clienti nella loro capacit\u00e0 di ottenere vini con le migliori qualit\u00e0 possibili, vogliamo creare un mondo in cui il vino di qualit\u00e0 sia sempre disponibile e un momento felice sia sempre realizzabile;<br>guidare la linea di importazione e distribuzione del vino negli Stati Uniti e in altri paesi del mondo, procurandocene di eccellenti, che possano piacere a tutti i suoi estimatori.<br>Manteniamo la qualit\u00e0 dei nostri vini assicurandone la corretta conservazione in cantina fino a quando non giungono ai nostri partner.<\/p>\n\n\n\n<h2 class=\"sb-title-section-page wp-block-heading\">Come lo facciamo<\/h2>\n\n\n\n<p>Lo facciamo unendo competenza e passione arrivando ovunque, anche dove sarebbe impossibile.<\/p>\n\n\n\n<p>Questo grazie alla nostra lunga esperienza nell\u2019importazione di vini di qualit\u00e0 e alla collaborazione con rinomati produttori e grandi famiglie di enologi.<\/p>\n\n\n\n<h2 class=\"sb-title-section-page wp-block-heading\">Importazione e&nbsp;distribuzione di vini e liquori di&nbsp;qualit\u00e0<\/h2>\n\n\n\n<p>Importiamo e distribuiamo vini negli USA dall\u2019 Europa, Sud e Nord America. Siamo orgogliosi di creare forti legami e amicizia con le nostre cantine e i produttori di liquori. <\/p>\n\n\n\n<p>Abbiamo creato rapporti di qualit\u00e0 tra il cliente e i diversi venditori di vino in tutto il mondo, con coerenza, siamo stati in grado di mantenere le nostre relazioni.<\/p>\n\n\n\n<p>Il nostro valore \u00e8 rimasto nel tempo lo stesso, sin dalla fondazione della Ditta Claretta &amp; C. Spa del mio bisnonno e consiste nell&#8217;importazione e distribuzione di vini di alta qualit\u00e0. <\/p>\n\n\n\n<p>Abbiamo mantenuto vivo questo valore attraverso una dedizione e un impegno senza precedenti.<\/p>\n\n\n\n<p> Lavoriamo con innumerevoli rivenditori, ristoranti e grossisti offrendo loro vini e liquori che hanno carattere e personalit\u00e0 e che si distinguono non solo per gli intenditori ma anche per i bevitori di tutti i giorni.<\/p>\n\n\n\n<div style=\"height:50px\" aria-hidden=\"true\" class=\"wp-block-spacer\"><\/div>\n\n\n\n<img decoding=\"async\" class=\"sb-history-image-2\" style=\"width: 100%; height: auto;\" src=\"\/wp-content\/uploads\/2021\/11\/mission-2.jpg\">\n\n\n\n<div style=\"height:20px\" aria-hidden=\"true\" class=\"wp-block-spacer\"><\/div>\n\n\n\n<h2 class=\"sb-title-section-page wp-block-heading\">Staff<\/h2>\n\n\n\n<p>Il nostro team \u00e8 compiaciuto dei nostri servizi; crediamo che le persone siano pi\u00f9 produttive quando possono fare ci\u00f2 che amano in modo regolamentato e tuttavia seguendo la propria inclinazione. <\/p>\n\n\n\n<p>Pertanto, il nostro ambiente di lavoro offre ai dipendenti l&#8217;opportunit\u00e0 di esplorare, degustare e consigliare vini diversi e di contribuire all&#8217;intero processo secondo la propria etica.<br>Ci avvaliamo di sommelier che garantiscono la qualit\u00e0 della nostra selezione di vini e distillati. <\/p>\n\n\n\n<p>Tutto lo staff della Sheehan Brothers \u00e8 dedito e lavora per il miglioramento dell\u2019azienda a loro noi garantiamo un riconoscimento in base al contributo e dando la possibilit\u00e0 di associarsi all\u2019azienda.<\/p>\n\n\n\n<h2 class=\"sb-title-section-page wp-block-heading\">Collaborazione con produttori di vino orientati alla qualit\u00e0<\/h2>\n\n\n\n<p>La Sheehan Brothers offre diversit\u00e0 nella sua selezione, rispettando ogni scelta degli acquirenti cos\u00ec come la loro capacit\u00e0 finanziaria. <\/p>\n\n\n\n<p>Inoltre, ci concentriamo sui produttori uniti nella loro dedizione, a un sistema non interventista nell&#8217;affinamento del vino (utilizzando cantina e vigneto) e nella produzione dello stesso.<br>I nostri produttori sono coloro che rispettano la propria terra e garantiscono la sicurezza dei consumatori non utilizzando sostanze chimiche nocive e che apprezzano i propri vini producendoli senza alcuna forma di manipolazione durante il processo di vinificazione.<\/p>\n\n\n\n<p>Non procuriamo solo vino; assicuriamo la devozione del nostro produttore e scegliamo di lavorare con coloro che si impegnano meticolosamente per vivificare una bevanda e creare momenti di gioia a ogni sorso.<br>I nostri produttori si concentrano, a livelli ottimali, sulla produzione di vini genuini e sostengono valori simili ai nostri. Quindi, ogni processo \u00e8 sicuro a livello di igiene.<br>Non sacrifichiamo l&#8217;integrit\u00e0 e la qualit\u00e0 per il denaro. Importiamo e distribuiamo vini che servono al meglio i clienti e regalano alle famiglie nuovi momenti insieme.<\/p>\n\n\n\n<h2 class=\"sb-title-section-page wp-block-heading\">Sostenere la nostra reputazione<\/h2>\n\n\n\n<p>Importando vini da paesi diversi, ne possiamo offrire una vasta gamma con gusti diversi ma meravigliosi. <\/p>\n\n\n\n<p>Siamo estimatori del vino con la capacit\u00e0, che scorre nel sangue, di discernere quelli di qualit\u00e0. Usiamo questa abilit\u00e0 per trovarli dal miglior produttore disponibile, rafforzando la nostra posizione di miglior fornitore di vini rossi e bianchi di qualit\u00e0 di cui ci si potr\u00e0 sempre fidare.<\/p>\n\n\n\n<h2 class=\"sb-title-section-page wp-block-heading\">Restituiamo alla societ\u00e0<\/h2>\n\n\n\n<p>&#8211; Leucemia &amp; linfoma &#8211;<\/p>\n\n\n\n<p>Avendo avuto pi\u00f9 di un\u2019esperienza familiare con questo tipo di terribile cancro, restituiamo una parte dei nostri profitti per combattere la leucemia.<br>Inoltre, sosteniamo la nostra societ\u00e0 attraverso seminari e conferenze per il pubblico<br>Ci piace che si beva responsabilmente, cos\u00ec mettiamo a disposizione programmi per &#8220;illuminare&#8221; i consumatori su come e quando scegliere i vini e quanto gustarne. Sosteniamo la legge fornendo raccomandazioni sanitarie al pubblico in generale.<\/p>\n","protected":false},"excerpt":{"rendered":"<p>Il nostro obiettivo \u00e8 procurare piacere a ogni sorso;aiutare i nostri partner a commerciare meglio e a consolidare la fiducia dei clienti nella loro capacit\u00e0 di ottenere vini con le migliori qualit\u00e0 possibili, vogliamo creare un mondo in cui il vino di qualit\u00e0 sia sempre disponibile e un momento felice sia sempre realizzabile;guidare la linea [&hellip;]<\/p>\n","protected":false},"author":1,"featured_media":0,"parent":0,"menu_order":0,"comment_status":"closed","ping_status":"closed","template":"","meta":{"footnotes":""},"class_list":["post-758","page","type-page","status-publish","hentry"],"acf":[],"yoast_head":"<!-- This site is optimized with the Yoast SEO plugin v27.4 - https:\/\/yoast.com\/product\/yoast-seo-wordpress\/ -->\n<title>La nostra filosofia - Sheehan Brothers<\/title>\n<meta name=\"robots\" content=\"index, follow, max-snippet:-1, max-image-preview:large, max-video-preview:-1\" \/>\n<link rel=\"canonical\" href=\"https:\/\/sheehanbrothers.com\/it\/la-nostra-filosofia\/\" \/>\n<meta property=\"og:locale\" content=\"it_IT\" \/>\n<meta property=\"og:type\" content=\"article\" \/>\n<meta property=\"og:title\" content=\"La nostra filosofia - Sheehan Brothers\" \/>\n<meta property=\"og:description\" content=\"Il nostro obiettivo \u00e8 procurare piacere a ogni sorso;aiutare i nostri partner a commerciare meglio e a consolidare la fiducia dei clienti nella loro capacit\u00e0 di ottenere vini con le migliori qualit\u00e0 possibili, vogliamo creare un mondo in cui il vino di qualit\u00e0 sia sempre disponibile e un momento felice sia sempre realizzabile;guidare la linea [&hellip;]\" \/>\n<meta property=\"og:url\" content=\"https:\/\/sheehanbrothers.com\/it\/la-nostra-filosofia\/\" \/>\n<meta property=\"og:site_name\" content=\"Sheehan Brothers\" \/>\n<meta property=\"article:modified_time\" content=\"2022-04-22T09:52:54+00:00\" \/>\n<meta property=\"og:image\" content=\"https:\/\/sheehanbrothers.com\/wp-content\/uploads\/2021\/11\/mission-2.jpg\" \/>\n<meta name=\"twitter:card\" content=\"summary_large_image\" \/>\n<meta name=\"twitter:label1\" content=\"Tempo di lettura stimato\" \/>\n\t<meta name=\"twitter:data1\" content=\"4 minuti\" \/>\n<script type=\"application\/ld+json\" class=\"yoast-schema-graph\">{\"@context\":\"https:\\\/\\\/schema.org\",\"@graph\":[{\"@type\":\"WebPage\",\"@id\":\"https:\\\/\\\/sheehanbrothers.com\\\/it\\\/la-nostra-filosofia\\\/\",\"url\":\"https:\\\/\\\/sheehanbrothers.com\\\/it\\\/la-nostra-filosofia\\\/\",\"name\":\"La nostra filosofia - Sheehan Brothers\",\"isPartOf\":{\"@id\":\"https:\\\/\\\/sheehanbrothers.com\\\/#website\"},\"datePublished\":\"2021-11-02T16:42:23+00:00\",\"dateModified\":\"2022-04-22T09:52:54+00:00\",\"breadcrumb\":{\"@id\":\"https:\\\/\\\/sheehanbrothers.com\\\/it\\\/la-nostra-filosofia\\\/#breadcrumb\"},\"inLanguage\":\"it-IT\",\"potentialAction\":[{\"@type\":\"ReadAction\",\"target\":[\"https:\\\/\\\/sheehanbrothers.com\\\/it\\\/la-nostra-filosofia\\\/\"]}]},{\"@type\":\"BreadcrumbList\",\"@id\":\"https:\\\/\\\/sheehanbrothers.com\\\/it\\\/la-nostra-filosofia\\\/#breadcrumb\",\"itemListElement\":[{\"@type\":\"ListItem\",\"position\":1,\"name\":\"Home\",\"item\":\"https:\\\/\\\/sheehanbrothers.com\\\/it\\\/\"},{\"@type\":\"ListItem\",\"position\":2,\"name\":\"La nostra filosofia\"}]},{\"@type\":\"WebSite\",\"@id\":\"https:\\\/\\\/sheehanbrothers.com\\\/#website\",\"url\":\"https:\\\/\\\/sheehanbrothers.com\\\/\",\"name\":\"Sheehan Brothers\",\"description\":\"\",\"publisher\":{\"@id\":\"https:\\\/\\\/sheehanbrothers.com\\\/#organization\"},\"potentialAction\":[{\"@type\":\"SearchAction\",\"target\":{\"@type\":\"EntryPoint\",\"urlTemplate\":\"https:\\\/\\\/sheehanbrothers.com\\\/?s={search_term_string}\"},\"query-input\":{\"@type\":\"PropertyValueSpecification\",\"valueRequired\":true,\"valueName\":\"search_term_string\"}}],\"inLanguage\":\"it-IT\"},{\"@type\":\"Organization\",\"@id\":\"https:\\\/\\\/sheehanbrothers.com\\\/#organization\",\"name\":\"Sheehan Brothers Corp\",\"url\":\"https:\\\/\\\/sheehanbrothers.com\\\/\",\"logo\":{\"@type\":\"ImageObject\",\"inLanguage\":\"it-IT\",\"@id\":\"https:\\\/\\\/sheehanbrothers.com\\\/#\\\/schema\\\/logo\\\/image\\\/\",\"url\":\"https:\\\/\\\/sheehanbrothers.com\\\/wp-content\\\/uploads\\\/2021\\\/12\\\/logo.png\",\"contentUrl\":\"https:\\\/\\\/sheehanbrothers.com\\\/wp-content\\\/uploads\\\/2021\\\/12\\\/logo.png\",\"width\":1533,\"height\":832,\"caption\":\"Sheehan Brothers Corp\"},\"image\":{\"@id\":\"https:\\\/\\\/sheehanbrothers.com\\\/#\\\/schema\\\/logo\\\/image\\\/\"}}]}<\/script>\n<!-- \/ Yoast SEO plugin. -->","yoast_head_json":{"title":"La nostra filosofia - Sheehan Brothers","robots":{"index":"index","follow":"follow","max-snippet":"max-snippet:-1","max-image-preview":"max-image-preview:large","max-video-preview":"max-video-preview:-1"},"canonical":"https:\/\/sheehanbrothers.com\/it\/la-nostra-filosofia\/","og_locale":"it_IT","og_type":"article","og_title":"La nostra filosofia - Sheehan Brothers","og_description":"Il nostro obiettivo \u00e8 procurare piacere a ogni sorso;aiutare i nostri partner a commerciare meglio e a consolidare la fiducia dei clienti nella loro capacit\u00e0 di ottenere vini con le migliori qualit\u00e0 possibili, vogliamo creare un mondo in cui il vino di qualit\u00e0 sia sempre disponibile e un momento felice sia sempre realizzabile;guidare la linea [&hellip;]","og_url":"https:\/\/sheehanbrothers.com\/it\/la-nostra-filosofia\/","og_site_name":"Sheehan Brothers","article_modified_time":"2022-04-22T09:52:54+00:00","og_image":[{"url":"https:\/\/sheehanbrothers.com\/wp-content\/uploads\/2021\/11\/mission-2.jpg","type":"","width":"","height":""}],"twitter_card":"summary_large_image","twitter_misc":{"Tempo di lettura stimato":"4 minuti"},"schema":{"@context":"https:\/\/schema.org","@graph":[{"@type":"WebPage","@id":"https:\/\/sheehanbrothers.com\/it\/la-nostra-filosofia\/","url":"https:\/\/sheehanbrothers.com\/it\/la-nostra-filosofia\/","name":"La nostra filosofia - Sheehan Brothers","isPartOf":{"@id":"https:\/\/sheehanbrothers.com\/#website"},"datePublished":"2021-11-02T16:42:23+00:00","dateModified":"2022-04-22T09:52:54+00:00","breadcrumb":{"@id":"https:\/\/sheehanbrothers.com\/it\/la-nostra-filosofia\/#breadcrumb"},"inLanguage":"it-IT","potentialAction":[{"@type":"ReadAction","target":["https:\/\/sheehanbrothers.com\/it\/la-nostra-filosofia\/"]}]},{"@type":"BreadcrumbList","@id":"https:\/\/sheehanbrothers.com\/it\/la-nostra-filosofia\/#breadcrumb","itemListElement":[{"@type":"ListItem","position":1,"name":"Home","item":"https:\/\/sheehanbrothers.com\/it\/"},{"@type":"ListItem","position":2,"name":"La nostra filosofia"}]},{"@type":"WebSite","@id":"https:\/\/sheehanbrothers.com\/#website","url":"https:\/\/sheehanbrothers.com\/","name":"Sheehan Brothers","description":"","publisher":{"@id":"https:\/\/sheehanbrothers.com\/#organization"},"potentialAction":[{"@type":"SearchAction","target":{"@type":"EntryPoint","urlTemplate":"https:\/\/sheehanbrothers.com\/?s={search_term_string}"},"query-input":{"@type":"PropertyValueSpecification","valueRequired":true,"valueName":"search_term_string"}}],"inLanguage":"it-IT"},{"@type":"Organization","@id":"https:\/\/sheehanbrothers.com\/#organization","name":"Sheehan Brothers Corp","url":"https:\/\/sheehanbrothers.com\/","logo":{"@type":"ImageObject","inLanguage":"it-IT","@id":"https:\/\/sheehanbrothers.com\/#\/schema\/logo\/image\/","url":"https:\/\/sheehanbrothers.com\/wp-content\/uploads\/2021\/12\/logo.png","contentUrl":"https:\/\/sheehanbrothers.com\/wp-content\/uploads\/2021\/12\/logo.png","width":1533,"height":832,"caption":"Sheehan Brothers Corp"},"image":{"@id":"https:\/\/sheehanbrothers.com\/#\/schema\/logo\/image\/"}}]}},"_hostinger_reach_plugin_has_subscription_block":false,"_hostinger_reach_plugin_is_elementor":false,"_links":{"self":[{"href":"https:\/\/sheehanbrothers.com\/it\/wp-json\/wp\/v2\/pages\/758","targetHints":{"allow":["GET"]}}],"collection":[{"href":"https:\/\/sheehanbrothers.com\/it\/wp-json\/wp\/v2\/pages"}],"about":[{"href":"https:\/\/sheehanbrothers.com\/it\/wp-json\/wp\/v2\/types\/page"}],"author":[{"embeddable":true,"href":"https:\/\/sheehanbrothers.com\/it\/wp-json\/wp\/v2\/users\/1"}],"replies":[{"embeddable":true,"href":"https:\/\/sheehanbrothers.com\/it\/wp-json\/wp\/v2\/comments?post=758"}],"version-history":[{"count":30,"href":"https:\/\/sheehanbrothers.com\/it\/wp-json\/wp\/v2\/pages\/758\/revisions"}],"predecessor-version":[{"id":1120,"href":"https:\/\/sheehanbrothers.com\/it\/wp-json\/wp\/v2\/pages\/758\/revisions\/1120"}],"wp:attachment":[{"href":"https:\/\/sheehanbrothers.com\/it\/wp-json\/wp\/v2\/media?parent=758"}],"curies":[{"name":"wp","href":"https:\/\/api.w.org\/{rel}","templated":true}]}}